{"id":5,"date":"2018-07-26T10:37:24","date_gmt":"2018-07-26T08:37:24","guid":{"rendered":"http:\/\/agi-pro.fr\/index.php\/one-page-express\/"},"modified":"2021-01-24T01:23:32","modified_gmt":"2021-01-24T00:23:32","slug":"one-page-express","status":"publish","type":"page","link":"https:\/\/agi-pro.fr\/","title":{"rendered":"Accueil"},"content":{"rendered":"<div  id=\"about-1\" class=\"about-big-images-section\" style=\"background-color: #f6f6f6;\" data-label=\"About\" data-id=\"about-big-images-section\" data-category=\"about\">\n<div  class=\"gridContainer\">\n<div  class=\"about-big-images-textrow\">\n<div  class=\"about-big-images-textcol dynamic-color\" data-type=\"column\">\n<h5  class=\"\">Conseil Entreprise \/ Programmation \/ Activit\u00e9s Informatiques<\/h5>\n<h3  class=\"\">Ensemble nous irons plus loin pour votre projet, plus loin pour votre Entreprise.<\/h3>\n<p  class=\"\">Pour que chacun puisse trouver des solutions, Nous offrons service pour des Entreprises comme Vous !<\/p>\n<a class=\"button blue big\" href=\"#\" target=\"_self\" rel=\"noopener\">service<\/a>\n\n<\/div>\n<\/div>\n<\/div>\n<div  class=\"about-big-images-bottomrow\">\n<div  class=\"about-big-images-leftimgcol\"><img  class=\"about-big-images-leftimg\" src=\"https:\/\/agi-pro.fr\/wp-content\/uploads\/2018\/07\/rawpixel-580218-unsplash.jpg\"><\/div>\n<div  class=\"about-big-images-centerimgcol\"><img  class=\"about-big-images-centerimg\" src=\"https:\/\/agi-pro.fr\/wp-content\/uploads\/2018\/07\/business-businessmen-classroom-267507.jpg\"><\/div>\n<div  class=\"about-big-images-rightimgcol\"><img  class=\"about-big-images-rightimg\" src=\"https:\/\/agi-pro.fr\/wp-content\/uploads\/2018\/07\/pixiz-24-07-2018-11-53-42.jpg\"><\/div>\n<\/div>\n<\/div><div  id=\"content-3\" class=\"content-left-image-section\" style=\"background-color: #ffffff;\" data-label=\"Content\" data-id=\"content-image-left\" data-category=\"content\">\n<div  class=\"gridContainer\">\n<div  class=\"row\">\n<div  class=\"content-left-image-imgcol\" data-type=\"column\"><img  class=\"\" src=\"https:\/\/agi-pro.fr\/wp-content\/uploads\/2018\/07\/agreement-business-businessmen-886465.jpg\"><\/div>\n<div  class=\"content-left-image-textcol dynamic-color\" data-type=\"column\">\n<h2  class=\"\">C\u2019est l\u2019une des choses que nous faisons&nbsp;le mieux<\/h2>\n<p  class=\"large_text\">Le Conseil Entreprise, C\u2019est la coloboration entre le Client et Nous, Ce qui nous permet de mettre en pace des Bilans. Enfin de pouvoir vous aidez au mieux pour votre Entreprise.<\/p>\n<a class=\"button blue\" href=\"#\" target=\"_self\" rel=\"noopener\"> en savoir plus <\/a> <a class=\"button blue\" href=\"https:\/\/agi-pro.fr\/index.php\/contact\" target=\"_self\" rel=\"noopener\">Prendre rendez-vous<\/a>\n\n<\/div>\n<\/div>\n<\/div>\n<\/div><div  id=\"content-4\" class=\"content-right-image-section\" style=\"background-color: #f6f6f6;\" data-label=\"Content\" data-id=\"content-image-right\" data-category=\"content\">\n<div  class=\"gridContainer\">\n<div  class=\"content-right-image-gridcol\">\n<div  class=\"content-right-image-textcol dynamic-color\" data-type=\"column\">\n<h2  class=\"\">Nous offrons un service de maintenance pour prendre la main sur votre ordinateur<\/h2>\n<p  class=\"large_text\">Pour vous, d\u00e9bloquer d\u2019une situation ennuyeuse sur votre poste de travail, serveur ou r\u00e9seaux. Nous sommes l\u00e0 pour vous la r\u00e8gler.<\/p>\n<a class=\"button blue\" href=\"#\" target=\"_self\" rel=\"noopener\"> en savoir plus <\/a>\n\n<\/div>\n<div  class=\"content-right-image-imgcol\" data-type=\"column\"><img  class=\"\" src=\"https:\/\/agi-pro.fr\/wp-content\/uploads\/2018\/07\/adult-beard-business-845451.jpg\"><\/div>\n<\/div>\n<\/div>\n<\/div><div  id=\"portfolio-2\" class=\"portfolio-full-section\" style=\"background-color: #f6f6f6;\" data-label=\"Portfolio\" data-id=\"portfolio-full-section\" data-category=\"portfolio\">\n<div  class=\"portfolio-full-section\" data-type=\"row\">\n<div  class=\"portfolio-full-projectco cp4cols cp4cols-tablet\">\n<div  id=\"ContentSwap103\" class=\"contentswap-effect ContentSwap103\">\n<div  class=\"ContentSwap103_content initial-image\"><img  class=\"portfolio-full-projectimg\" src=\"https:\/\/agi-pro.fr\/wp-content\/uploads\/2018\/07\/cropped-glenn-carstens-peters-203007-unsplash.jpg\" data-size=\"1200x800\"><\/div>\n<div  class=\"overlay\" style=\"display: block; opacity: 1;\"><\/div>\n<div  class=\"swap-inner\" style=\"opacity: 1; display: block;\">\n<div  class=\"ContentSwap103-center\">\n<h4  class=\"protfolio-full-itemtitle\">Aide Entreprise<\/h4>\n<a class=\"button yellow\" href=\"#\" target=\"_self\" rel=\"noopener\">En savoir plus<\/a>\n\n<\/div>\n<\/div>\n<\/div>\n<\/div>\n<div  class=\"portfolio-full-projectco cp4cols cp4cols-tablet\">\n<div  id=\"ContentSwap103\" class=\"contentswap-effect ContentSwap103\">\n<div  class=\"ContentSwap103_content initial-image\"><img  class=\"portfolio-full-projectimg\" src=\"https:\/\/agi-pro.fr\/wp-content\/uploads\/2018\/07\/cropped-sans.jpg\" data-size=\"1200x800\"><\/div>\n<div  class=\"overlay\" style=\"display: block; opacity: 1;\"><\/div>\n<div  class=\"swap-inner\" style=\"opacity: 1; display: block;\">\n<div  class=\"ContentSwap103-center\">\n<h4  class=\"protfolio-full-itemtitle\">Contecter<\/h4>\n<a class=\"button yellow\" href=\"https:\/\/agi-pro.fr\/index.php\/contact\" target=\"_self\" rel=\"noopener\">en savoir plus<\/a>\n\n<\/div>\n<\/div>\n<\/div>\n<\/div>\n<div  class=\"portfolio-full-projectco cp4cols cp4cols-tablet\">\n<div  id=\"ContentSwap103\" class=\"contentswap-effect ContentSwap103\">\n<div  class=\"ContentSwap103_content initial-image\"><img  class=\"portfolio-full-projectimg\" src=\"https:\/\/agi-pro.fr\/wp-content\/plugins\/one-page-express-companion\/theme-data\/one-page-express\/sections\/images\/project2.jpg\" data-size=\"1200x800\"><\/div>\n<div  class=\"overlay\" style=\"display: block; opacity: 1;\"><\/div>\n<div  class=\"swap-inner\" style=\"opacity: 1; display: block;\">\n<div  class=\"ContentSwap103-center\">\n<h4  class=\"protfolio-full-itemtitle\">Montage d\u2019Ordinateur<\/h4>\n<a class=\"button yellow\" href=\"#\" target=\"_self\" rel=\"noopener\">EN savoir plus<\/a>\n\n<\/div>\n<\/div>\n<\/div>\n<\/div>\n<\/div>\n<\/div>","protected":false},"excerpt":{"rendered":"<p>Conseil Entreprise \/ Programmation \/ Activit\u00e9s Informatiques Ensemble nous irons plus loin pour votre projet, plus loin pour votre Entreprise. Pour que chacun puisse trouver des solutions, Nous offrons service pour des Entreprises comme Vous ! service C\u2019est l\u2019une des choses que nous faisons&nbsp;le mieux Le Conseil Entreprise, C\u2019est la coloboration entre le Client et&hellip; <br \/> <a class=\"button small blue\" href=\"https:\/\/agi-pro.fr\/\">Lire la suite<\/a><\/p>\n","protected":false},"author":1,"featured_media":0,"parent":0,"menu_order":0,"comment_status":"closed","ping_status":"closed","template":"","meta":[],"_links":{"self":[{"href":"https:\/\/agi-pro.fr\/index.php\/wp-json\/wp\/v2\/pages\/5"}],"collection":[{"href":"https:\/\/agi-pro.fr\/index.php\/wp-json\/wp\/v2\/pages"}],"about":[{"href":"https:\/\/agi-pro.fr\/index.php\/wp-json\/wp\/v2\/types\/page"}],"author":[{"embeddable":true,"href":"https:\/\/agi-pro.fr\/index.php\/wp-json\/wp\/v2\/users\/1"}],"replies":[{"embeddable":true,"href":"https:\/\/agi-pro.fr\/index.php\/wp-json\/wp\/v2\/comments?post=5"}],"version-history":[{"count":19,"href":"https:\/\/agi-pro.fr\/index.php\/wp-json\/wp\/v2\/pages\/5\/revisions"}],"predecessor-version":[{"id":310,"href":"https:\/\/agi-pro.fr\/index.php\/wp-json\/wp\/v2\/pages\/5\/revisions\/310"}],"wp:attachment":[{"href":"https:\/\/agi-pro.fr\/index.php\/wp-json\/wp\/v2\/media?parent=5"}],"curies":[{"name":"wp","href":"https:\/\/api.w.org\/{rel}","templated":true}]}}